{"id":580,"date":"2018-08-29T11:39:03","date_gmt":"2018-08-29T10:39:03","guid":{"rendered":"http:\/\/news.filoas.com\/?page_id=580"},"modified":"2023-10-29T15:37:29","modified_gmt":"2023-10-29T14:37:29","slug":"votre-contact","status":"publish","type":"page","link":"https:\/\/filoas.com\/news\/votre-contact\/","title":{"rendered":"Contact agence Filoas"},"content":{"rendered":"<p style=\"text-align: center;\"><a href=\"https:\/\/www.filoas.com\/\"><img loading=\"lazy\" decoding=\"async\" class=\"alignnone size-full wp-image-1229\" src=\"https:\/\/filoas.com\/news\/wp-content\/uploads\/2023\/10\/logo-FILOAS-2024.png\" alt=\"Agence Filoas.com\" width=\"200\" height=\"204\" \/><\/a><\/p>\n<p style=\"text-align: center;\"><div class=\"everest-forms\"><div class=\"evf-container default\" id=\"evf-1201\"><form id=\"evf-form-1201\" class=\"everest-form\" data-formid=\"1201\" data-ajax_submission=\"0\" data-keyboard_friendly_form=\"0\" data-form_state_type=\"\" method=\"post\" enctype=\"multipart\/form-data\" action=\"\/news\/wp-json\/wp\/v2\/pages\/580\"><div class=\"evf-field-container\"><input type=\"hidden\" id=\"_wpnonce1201\" name=\"_wpnonce1201\" value=\"bca39092d3\" \/><input type=\"hidden\" name=\"_wp_http_referer\" value=\"\/news\/wp-json\/wp\/v2\/pages\/580\" \/><div class=\"evf-frontend-row\" data-row=\"row_1\" conditional_rules=\"[]\"><div class=\"evf-frontend-grid evf-grid-1\" data-grid=\"grid_1\"><div id=\"evf-1201-field_ys0GeZISRs-1-container\" class=\"evf-field evf-field-first-name form-row validate-required\" data-required-field-message=\"Champs obligatoire.\" data-field-id=\"ys0GeZISRs-1\"><label class=\"evf-field-label\" for=\"evf-1201-field_ys0GeZISRs-1\"><span class=\"evf-label\">Nom<\/span> <abbr class=\"required\" title=\"N\u00e9cessaire\">*<\/abbr><\/label><input type=\"text\" id=\"evf-1201-field_ys0GeZISRs-1\" class=\"input-text\" name=\"everest_forms[form_fields][ys0GeZISRs-1]\" required><\/div><div id=\"evf-1201-field_66FR384cge-3-container\" class=\"evf-field evf-field-text form-row\" data-field-id=\"66FR384cge-3\"><label class=\"evf-field-label\" for=\"evf-1201-field_66FR384cge-3\"><span class=\"evf-label\">Sujet<\/span> <\/label><input type=\"text\" id=\"evf-1201-field_66FR384cge-3\" class=\"input-text\" name=\"everest_forms[form_fields][66FR384cge-3]\" placeholder=\"Devis, projet\u2026\" ><div class=\"evf-field-description\">Un devis, du consulting, un projet\u2026?<\/div><\/div><div id=\"evf-1201-field_LbH5NxasXM-2-container\" class=\"evf-field evf-field-email form-row validate-required validate-email\" data-required-field-message=\"\u00e9crire un email valide\" data-field-id=\"LbH5NxasXM-2\"><label class=\"evf-field-label\" for=\"evf-1201-field_LbH5NxasXM-2\"><span class=\"evf-label\">Email<\/span> <abbr class=\"required\" title=\"N\u00e9cessaire\">*<\/abbr><\/label><input type=\"email\" id=\"evf-1201-field_LbH5NxasXM-2\" class=\"input-text\" name=\"everest_forms[form_fields][LbH5NxasXM-2]\" required ><\/div><div id=\"evf-1201-field_yhGx3FOwr2-4-container\" class=\"evf-field evf-field-textarea form-row\" data-field-id=\"yhGx3FOwr2-4\"><label class=\"evf-field-label\" for=\"evf-1201-field_yhGx3FOwr2-4\"><span class=\"evf-label\">Message et d\u00e9lai<\/span> <\/label><textarea id=\"evf-1201-field_yhGx3FOwr2-4\" class=\"input-text\" name=\"everest_forms[form_fields][yhGx3FOwr2-4]\" placeholder=\"ici votre projet, vos d\u00e9lais ou votre t\u00e9l\u00e9phone\"  ><\/textarea><\/div><\/div><\/div><div class=\"evf-frontend-row\" data-row=\"row_2\" conditional_rules=\"[]\"><div class=\"evf-frontend-grid evf-grid-1\" data-grid=\"grid_1\"><\/div><\/div><\/div><div class=\"evf-honeypot-container evf-field-hp\"><label for=\"evf-1201-field-hp\" class=\"evf-field-label\">Email<\/label><input type=\"text\" name=\"everest_forms[hp]\" id=\"evf-1201-field-hp\" class=\"input-text\"><\/div><div class=\"evf-recaptcha-container \" style=\"display:block\"><div class=\"g-recaptcha\" data-sitekey=\"43745508-8bf3-43ef-a1ee-4f5c28c54463\"><\/div><input type=\"text\" name=\"g-recaptcha-hidden\" class=\"evf-recaptcha-hidden\" style=\"position:absolute!important;clip:rect(0,0,0,0)!important;height:1px!important;width:1px!important;border:0!important;overflow:hidden!important;padding:0!important;margin:0!important;\" required><\/div><div class=\"evf-submit-container \" ><input type=\"hidden\" name=\"everest_forms[id]\" value=\"1201\"><input type=\"hidden\" name=\"everest_forms[author]\" value=\"2\"><button type='submit' name='everest_forms[submit]' class='everest-forms-submit-button button evf-submit ' id='evf-submit-1201' value='evf-submit' data-process-text=\"envoi en cours...\" conditional_rules='&quot;&quot;' conditional_id='evf-submit-1201'  id=\"evf-submit-1201\" aria-live=\"assertive\">envoyer<\/button><\/div><\/form><\/div><!-- .evf-container --><\/div><\/p>\n","protected":false},"excerpt":{"rendered":"","protected":false},"author":2,"featured_media":0,"parent":0,"menu_order":0,"comment_status":"closed","ping_status":"closed","template":"","meta":{"footnotes":""},"class_list":["post-580","page","type-page","status-publish","hentry"],"yoast_head":"<!-- This site is optimized with the Yoast SEO plugin v26.8 - https:\/\/yoast.com\/product\/yoast-seo-wordpress\/ -->\n<title>Contact agence Filoas - Inspiration et news<\/title>\n<meta name=\"description\" content=\"Besoin de cr\u00e9ations graphique\/multim\u00e9dia, mise \u00e0 jour de sites internet, supports visuels sur r\u00e9seaux sociaux, contactez Agence Filoas.com\" \/>\n<meta name=\"robots\" content=\"index, follow, max-snippet:-1, max-image-preview:large, max-video-preview:-1\" \/>\n<link rel=\"canonical\" href=\"https:\/\/filoas.com\/news\/votre-contact\/\" \/>\n<meta property=\"og:locale\" content=\"fr_FR\" \/>\n<meta property=\"og:type\" content=\"article\" \/>\n<meta property=\"og:title\" content=\"Contactez agence Filoas ABJ\" \/>\n<meta property=\"og:description\" content=\"Contactez l&#039;agence Filoas pour tous vos besoins en communication graphique et multim\u00e9dia\" \/>\n<meta property=\"og:url\" content=\"https:\/\/filoas.com\/news\/votre-contact\/\" \/>\n<meta property=\"og:site_name\" content=\"Inspiration et news\" \/>\n<meta property=\"article:modified_time\" content=\"2023-10-29T14:37:29+00:00\" \/>\n<meta property=\"og:image\" content=\"https:\/\/filoas.com\/news\/wp-content\/uploads\/2023\/10\/new-logo-FILOAS-2023.png\" \/>\n\t<meta property=\"og:image:width\" content=\"520\" \/>\n\t<meta property=\"og:image:height\" content=\"474\" \/>\n\t<meta property=\"og:image:type\" content=\"image\/png\" \/>\n<meta name=\"twitter:label1\" content=\"Dur\u00e9e de lecture estim\u00e9e\" \/>\n\t<meta name=\"twitter:data1\" content=\"1 minute\" \/>\n<script type=\"application\/ld+json\" class=\"yoast-schema-graph\">{\"@context\":\"https:\/\/schema.org\",\"@graph\":[{\"@type\":[\"WebPage\",\"ContactPage\"],\"@id\":\"https:\/\/filoas.com\/news\/votre-contact\/\",\"url\":\"https:\/\/filoas.com\/news\/votre-contact\/\",\"name\":\"Contact agence Filoas - Inspiration et news\",\"isPartOf\":{\"@id\":\"https:\/\/filoas.com\/news\/#website\"},\"primaryImageOfPage\":{\"@id\":\"https:\/\/filoas.com\/news\/votre-contact\/#primaryimage\"},\"image\":{\"@id\":\"https:\/\/filoas.com\/news\/votre-contact\/#primaryimage\"},\"thumbnailUrl\":\"https:\/\/filoas.com\/news\/wp-content\/uploads\/2023\/10\/logo-FILOAS-2024.png\",\"datePublished\":\"2018-08-29T10:39:03+00:00\",\"dateModified\":\"2023-10-29T14:37:29+00:00\",\"description\":\"Besoin de cr\u00e9ations graphique\/multim\u00e9dia, mise \u00e0 jour de sites internet, supports visuels sur r\u00e9seaux sociaux, contactez Agence Filoas.com\",\"breadcrumb\":{\"@id\":\"https:\/\/filoas.com\/news\/votre-contact\/#breadcrumb\"},\"inLanguage\":\"fr-FR\",\"potentialAction\":[{\"@type\":\"ReadAction\",\"target\":[\"https:\/\/filoas.com\/news\/votre-contact\/\"]}]},{\"@type\":\"ImageObject\",\"inLanguage\":\"fr-FR\",\"@id\":\"https:\/\/filoas.com\/news\/votre-contact\/#primaryimage\",\"url\":\"https:\/\/filoas.com\/news\/wp-content\/uploads\/2023\/10\/logo-FILOAS-2024.png\",\"contentUrl\":\"https:\/\/filoas.com\/news\/wp-content\/uploads\/2023\/10\/logo-FILOAS-2024.png\",\"width\":200,\"height\":204,\"caption\":\"Agence Filoas.com\"},{\"@type\":\"BreadcrumbList\",\"@id\":\"https:\/\/filoas.com\/news\/votre-contact\/#breadcrumb\",\"itemListElement\":[{\"@type\":\"ListItem\",\"position\":1,\"name\":\"Accueil\",\"item\":\"https:\/\/filoas.com\/news\/\"},{\"@type\":\"ListItem\",\"position\":2,\"name\":\"Contact agence Filoas\"}]},{\"@type\":\"WebSite\",\"@id\":\"https:\/\/filoas.com\/news\/#website\",\"url\":\"https:\/\/filoas.com\/news\/\",\"name\":\"Inspiration et news\",\"description\":\"Dans l&#039;art du temps !\",\"potentialAction\":[{\"@type\":\"SearchAction\",\"target\":{\"@type\":\"EntryPoint\",\"urlTemplate\":\"https:\/\/filoas.com\/news\/?s={search_term_string}\"},\"query-input\":{\"@type\":\"PropertyValueSpecification\",\"valueRequired\":true,\"valueName\":\"search_term_string\"}}],\"inLanguage\":\"fr-FR\"}]}<\/script>\n<!-- \/ Yoast SEO plugin. -->","yoast_head_json":{"title":"Contact agence Filoas - Inspiration et news","description":"Besoin de cr\u00e9ations graphique\/multim\u00e9dia, mise \u00e0 jour de sites internet, supports visuels sur r\u00e9seaux sociaux, contactez Agence Filoas.com","robots":{"index":"index","follow":"follow","max-snippet":"max-snippet:-1","max-image-preview":"max-image-preview:large","max-video-preview":"max-video-preview:-1"},"canonical":"https:\/\/filoas.com\/news\/votre-contact\/","og_locale":"fr_FR","og_type":"article","og_title":"Contactez agence Filoas ABJ","og_description":"Contactez l'agence Filoas pour tous vos besoins en communication graphique et multim\u00e9dia","og_url":"https:\/\/filoas.com\/news\/votre-contact\/","og_site_name":"Inspiration et news","article_modified_time":"2023-10-29T14:37:29+00:00","og_image":[{"width":520,"height":474,"url":"https:\/\/filoas.com\/news\/wp-content\/uploads\/2023\/10\/new-logo-FILOAS-2023.png","type":"image\/png"}],"twitter_misc":{"Dur\u00e9e de lecture estim\u00e9e":"1 minute"},"schema":{"@context":"https:\/\/schema.org","@graph":[{"@type":["WebPage","ContactPage"],"@id":"https:\/\/filoas.com\/news\/votre-contact\/","url":"https:\/\/filoas.com\/news\/votre-contact\/","name":"Contact agence Filoas - Inspiration et news","isPartOf":{"@id":"https:\/\/filoas.com\/news\/#website"},"primaryImageOfPage":{"@id":"https:\/\/filoas.com\/news\/votre-contact\/#primaryimage"},"image":{"@id":"https:\/\/filoas.com\/news\/votre-contact\/#primaryimage"},"thumbnailUrl":"https:\/\/filoas.com\/news\/wp-content\/uploads\/2023\/10\/logo-FILOAS-2024.png","datePublished":"2018-08-29T10:39:03+00:00","dateModified":"2023-10-29T14:37:29+00:00","description":"Besoin de cr\u00e9ations graphique\/multim\u00e9dia, mise \u00e0 jour de sites internet, supports visuels sur r\u00e9seaux sociaux, contactez Agence Filoas.com","breadcrumb":{"@id":"https:\/\/filoas.com\/news\/votre-contact\/#breadcrumb"},"inLanguage":"fr-FR","potentialAction":[{"@type":"ReadAction","target":["https:\/\/filoas.com\/news\/votre-contact\/"]}]},{"@type":"ImageObject","inLanguage":"fr-FR","@id":"https:\/\/filoas.com\/news\/votre-contact\/#primaryimage","url":"https:\/\/filoas.com\/news\/wp-content\/uploads\/2023\/10\/logo-FILOAS-2024.png","contentUrl":"https:\/\/filoas.com\/news\/wp-content\/uploads\/2023\/10\/logo-FILOAS-2024.png","width":200,"height":204,"caption":"Agence Filoas.com"},{"@type":"BreadcrumbList","@id":"https:\/\/filoas.com\/news\/votre-contact\/#breadcrumb","itemListElement":[{"@type":"ListItem","position":1,"name":"Accueil","item":"https:\/\/filoas.com\/news\/"},{"@type":"ListItem","position":2,"name":"Contact agence Filoas"}]},{"@type":"WebSite","@id":"https:\/\/filoas.com\/news\/#website","url":"https:\/\/filoas.com\/news\/","name":"Inspiration et news","description":"Dans l&#039;art du temps !","potentialAction":[{"@type":"SearchAction","target":{"@type":"EntryPoint","urlTemplate":"https:\/\/filoas.com\/news\/?s={search_term_string}"},"query-input":{"@type":"PropertyValueSpecification","valueRequired":true,"valueName":"search_term_string"}}],"inLanguage":"fr-FR"}]}},"_links":{"self":[{"href":"https:\/\/filoas.com\/news\/wp-json\/wp\/v2\/pages\/580","targetHints":{"allow":["GET"]}}],"collection":[{"href":"https:\/\/filoas.com\/news\/wp-json\/wp\/v2\/pages"}],"about":[{"href":"https:\/\/filoas.com\/news\/wp-json\/wp\/v2\/types\/page"}],"author":[{"embeddable":true,"href":"https:\/\/filoas.com\/news\/wp-json\/wp\/v2\/users\/2"}],"replies":[{"embeddable":true,"href":"https:\/\/filoas.com\/news\/wp-json\/wp\/v2\/comments?post=580"}],"version-history":[{"count":7,"href":"https:\/\/filoas.com\/news\/wp-json\/wp\/v2\/pages\/580\/revisions"}],"predecessor-version":[{"id":1257,"href":"https:\/\/filoas.com\/news\/wp-json\/wp\/v2\/pages\/580\/revisions\/1257"}],"wp:attachment":[{"href":"https:\/\/filoas.com\/news\/wp-json\/wp\/v2\/media?parent=580"}],"curies":[{"name":"wp","href":"https:\/\/api.w.org\/{rel}","templated":true}]}}