{"id":1203,"date":"2023-01-01T16:45:17","date_gmt":"2023-01-01T15:45:17","guid":{"rendered":"https:\/\/filoas.com\/news\/?page_id=1203"},"modified":"2023-10-21T19:03:58","modified_gmt":"2023-10-21T18:03:58","slug":"contact-agence-filoas-france","status":"publish","type":"page","link":"https:\/\/filoas.com\/news\/contact-agence-filoas-france\/","title":{"rendered":"Contactez Filoas"},"content":{"rendered":"<h6><\/h6>\n<p style=\"text-align: center;\"><a href=\"https:\/\/www.filoas.fr\"><img loading=\"lazy\" decoding=\"async\" class=\"alignnone wp-image-1210 size-full\" src=\"https:\/\/filoas.com\/news\/wp-content\/uploads\/2023\/01\/image.jpg\" alt=\"\" width=\"150\" height=\"71\" \/><\/a><\/p>\n<hr \/>\n<p style=\"text-align: center;\"><div class=\"everest-forms\"><div class=\"evf-container default\" id=\"evf-1234\"><form id=\"evf-form-1234\" class=\"everest-form\" data-formid=\"1234\" data-ajax_submission=\"0\" data-keyboard_friendly_form=\"0\" data-form_state_type=\"\" method=\"post\" enctype=\"multipart\/form-data\" action=\"\/news\/wp-json\/wp\/v2\/pages\/1203\"><div class=\"evf-field-container\"><input type=\"hidden\" id=\"_wpnonce1234\" name=\"_wpnonce1234\" value=\"bca39092d3\" \/><input type=\"hidden\" name=\"_wp_http_referer\" value=\"\/news\/wp-json\/wp\/v2\/pages\/1203\" \/><div class=\"evf-frontend-row\" data-row=\"row_1\" conditional_rules=\"[]\"><div class=\"evf-frontend-grid evf-grid-1\" data-grid=\"grid_1\"><div id=\"evf-1234-field_ys0GeZISRs-1-container\" class=\"evf-field evf-field-first-name form-row validate-required\" data-required-field-message=\"Champs obligatoire.\" data-field-id=\"ys0GeZISRs-1\"><label class=\"evf-field-label\" for=\"evf-1234-field_ys0GeZISRs-1\"><span class=\"evf-label\">Nom<\/span> <abbr class=\"required\" title=\"N\u00e9cessaire\">*<\/abbr><\/label><input type=\"text\" id=\"evf-1234-field_ys0GeZISRs-1\" class=\"input-text\" name=\"everest_forms[form_fields][ys0GeZISRs-1]\" required><\/div><div id=\"evf-1234-field_66FR384cge-3-container\" class=\"evf-field evf-field-text form-row\" data-field-id=\"66FR384cge-3\"><label class=\"evf-field-label\" for=\"evf-1234-field_66FR384cge-3\"><span class=\"evf-label\">Sujet<\/span> <\/label><input type=\"text\" id=\"evf-1234-field_66FR384cge-3\" class=\"input-text everest-forms-limit-characters-enabled\" data-form-id=\"1234\" data-field-id=\"66FR384cge-3\" data-text-limit=\"30\" name=\"everest_forms[form_fields][66FR384cge-3]\" placeholder=\"Devis, projet\u2026\" maxlength=\"30\" ><div class=\"evf-field-description\">un devis, du consulting, un projet\u2026?<\/div><\/div><div id=\"evf-1234-field_LbH5NxasXM-2-container\" class=\"evf-field evf-field-email form-row validate-required validate-email\" data-required-field-message=\"\u00e9crire un email valide\" data-field-id=\"LbH5NxasXM-2\"><label class=\"evf-field-label\" for=\"evf-1234-field_LbH5NxasXM-2\"><span class=\"evf-label\">Email<\/span> <abbr class=\"required\" title=\"N\u00e9cessaire\">*<\/abbr><\/label><input type=\"email\" id=\"evf-1234-field_LbH5NxasXM-2\" class=\"input-text\" name=\"everest_forms[form_fields][LbH5NxasXM-2]\" required ><\/div><div id=\"evf-1234-field_yhGx3FOwr2-4-container\" class=\"evf-field evf-field-textarea form-row\" data-field-id=\"yhGx3FOwr2-4\"><label class=\"evf-field-label\" for=\"evf-1234-field_yhGx3FOwr2-4\"><span class=\"evf-label\">Message<\/span> <\/label><textarea id=\"evf-1234-field_yhGx3FOwr2-4\" class=\"input-text\" name=\"everest_forms[form_fields][yhGx3FOwr2-4]\"  ><\/textarea><\/div><\/div><\/div><\/div><div class=\"evf-honeypot-container evf-field-hp\"><label for=\"evf-1234-field-hp\" class=\"evf-field-label\">Comment<\/label><input type=\"text\" name=\"everest_forms[hp]\" id=\"evf-1234-field-hp\" class=\"input-text\"><\/div><div class=\"evf-recaptcha-container \" style=\"display:block\"><div class=\"g-recaptcha\" data-sitekey=\"43745508-8bf3-43ef-a1ee-4f5c28c54463\"><\/div><input type=\"text\" name=\"g-recaptcha-hidden\" class=\"evf-recaptcha-hidden\" style=\"position:absolute!important;clip:rect(0,0,0,0)!important;height:1px!important;width:1px!important;border:0!important;overflow:hidden!important;padding:0!important;margin:0!important;\" required><\/div><div class=\"evf-submit-container \" ><input type=\"hidden\" name=\"everest_forms[id]\" value=\"1234\"><input type=\"hidden\" name=\"everest_forms[author]\" value=\"2\"><button type='submit' name='everest_forms[submit]' class='everest-forms-submit-button button evf-submit ' id='evf-submit-1234' value='evf-submit' data-process-text=\"En cours d&#039;envoi...\" conditional_rules='&quot;&quot;' conditional_id='evf-submit-1234'  id=\"evf-submit-1234\" aria-live=\"assertive\">Envoyer<\/button><\/div><\/form><\/div><!-- .evf-container --><\/div><\/p>\n","protected":false},"excerpt":{"rendered":"","protected":false},"author":2,"featured_media":0,"parent":0,"menu_order":0,"comment_status":"closed","ping_status":"closed","template":"","meta":{"footnotes":""},"class_list":["post-1203","page","type-page","status-publish","hentry"],"yoast_head":"<!-- This site is optimized with the Yoast SEO plugin v26.8 - https:\/\/yoast.com\/product\/yoast-seo-wordpress\/ -->\n<title>Contactez Filoas<\/title>\n<meta name=\"description\" content=\"Besoins en graphisme, web design, communication r\u00e9seaux sociaux et mise \u00e0 jour de vos supports (imprim\u00e9s et digitaux, contactez Filoas.fr\" \/>\n<meta name=\"robots\" content=\"index, follow, max-snippet:-1, max-image-preview:large, max-video-preview:-1\" \/>\n<link rel=\"canonical\" href=\"https:\/\/filoas.com\/news\/contact-agence-filoas-france\/\" \/>\n<meta property=\"og:locale\" content=\"fr_FR\" \/>\n<meta property=\"og:type\" content=\"article\" \/>\n<meta property=\"og:title\" content=\"Contactez Filoas\" \/>\n<meta property=\"og:description\" content=\"Besoins en graphisme, web design, communication r\u00e9seaux sociaux et mise \u00e0 jour de vos supports (imprim\u00e9s et digitaux, contactez Filoas.fr\" \/>\n<meta property=\"og:url\" content=\"https:\/\/filoas.com\/news\/contact-agence-filoas-france\/\" \/>\n<meta property=\"og:site_name\" content=\"Inspiration et news\" \/>\n<meta property=\"article:modified_time\" content=\"2023-10-21T18:03:58+00:00\" \/>\n<meta property=\"og:image\" content=\"https:\/\/filoas.com\/news\/wp-content\/uploads\/2023\/01\/image.jpg\" \/>\n<meta name=\"twitter:label1\" content=\"Dur\u00e9e de lecture estim\u00e9e\" \/>\n\t<meta name=\"twitter:data1\" content=\"1 minute\" \/>\n<script type=\"application\/ld+json\" class=\"yoast-schema-graph\">{\"@context\":\"https:\/\/schema.org\",\"@graph\":[{\"@type\":\"WebPage\",\"@id\":\"https:\/\/filoas.com\/news\/contact-agence-filoas-france\/\",\"url\":\"https:\/\/filoas.com\/news\/contact-agence-filoas-france\/\",\"name\":\"Contactez Filoas\",\"isPartOf\":{\"@id\":\"https:\/\/filoas.com\/news\/#website\"},\"primaryImageOfPage\":{\"@id\":\"https:\/\/filoas.com\/news\/contact-agence-filoas-france\/#primaryimage\"},\"image\":{\"@id\":\"https:\/\/filoas.com\/news\/contact-agence-filoas-france\/#primaryimage\"},\"thumbnailUrl\":\"https:\/\/filoas.com\/news\/wp-content\/uploads\/2023\/01\/image.jpg\",\"datePublished\":\"2023-01-01T15:45:17+00:00\",\"dateModified\":\"2023-10-21T18:03:58+00:00\",\"description\":\"Besoins en graphisme, web design, communication r\u00e9seaux sociaux et mise \u00e0 jour de vos supports (imprim\u00e9s et digitaux, contactez Filoas.fr\",\"breadcrumb\":{\"@id\":\"https:\/\/filoas.com\/news\/contact-agence-filoas-france\/#breadcrumb\"},\"inLanguage\":\"fr-FR\",\"potentialAction\":[{\"@type\":\"ReadAction\",\"target\":[\"https:\/\/filoas.com\/news\/contact-agence-filoas-france\/\"]}]},{\"@type\":\"ImageObject\",\"inLanguage\":\"fr-FR\",\"@id\":\"https:\/\/filoas.com\/news\/contact-agence-filoas-france\/#primaryimage\",\"url\":\"https:\/\/filoas.com\/news\/wp-content\/uploads\/2023\/01\/image.jpg\",\"contentUrl\":\"https:\/\/filoas.com\/news\/wp-content\/uploads\/2023\/01\/image.jpg\",\"width\":150,\"height\":71},{\"@type\":\"BreadcrumbList\",\"@id\":\"https:\/\/filoas.com\/news\/contact-agence-filoas-france\/#breadcrumb\",\"itemListElement\":[{\"@type\":\"ListItem\",\"position\":1,\"name\":\"Accueil\",\"item\":\"https:\/\/filoas.com\/news\/\"},{\"@type\":\"ListItem\",\"position\":2,\"name\":\"Contactez Filoas\"}]},{\"@type\":\"WebSite\",\"@id\":\"https:\/\/filoas.com\/news\/#website\",\"url\":\"https:\/\/filoas.com\/news\/\",\"name\":\"Inspiration et news\",\"description\":\"Dans l&#039;art du temps !\",\"potentialAction\":[{\"@type\":\"SearchAction\",\"target\":{\"@type\":\"EntryPoint\",\"urlTemplate\":\"https:\/\/filoas.com\/news\/?s={search_term_string}\"},\"query-input\":{\"@type\":\"PropertyValueSpecification\",\"valueRequired\":true,\"valueName\":\"search_term_string\"}}],\"inLanguage\":\"fr-FR\"}]}<\/script>\n<!-- \/ Yoast SEO plugin. -->","yoast_head_json":{"title":"Contactez Filoas","description":"Besoins en graphisme, web design, communication r\u00e9seaux sociaux et mise \u00e0 jour de vos supports (imprim\u00e9s et digitaux, contactez Filoas.fr","robots":{"index":"index","follow":"follow","max-snippet":"max-snippet:-1","max-image-preview":"max-image-preview:large","max-video-preview":"max-video-preview:-1"},"canonical":"https:\/\/filoas.com\/news\/contact-agence-filoas-france\/","og_locale":"fr_FR","og_type":"article","og_title":"Contactez Filoas","og_description":"Besoins en graphisme, web design, communication r\u00e9seaux sociaux et mise \u00e0 jour de vos supports (imprim\u00e9s et digitaux, contactez Filoas.fr","og_url":"https:\/\/filoas.com\/news\/contact-agence-filoas-france\/","og_site_name":"Inspiration et news","article_modified_time":"2023-10-21T18:03:58+00:00","og_image":[{"url":"https:\/\/filoas.com\/news\/wp-content\/uploads\/2023\/01\/image.jpg","type":"","width":"","height":""}],"twitter_misc":{"Dur\u00e9e de lecture estim\u00e9e":"1 minute"},"schema":{"@context":"https:\/\/schema.org","@graph":[{"@type":"WebPage","@id":"https:\/\/filoas.com\/news\/contact-agence-filoas-france\/","url":"https:\/\/filoas.com\/news\/contact-agence-filoas-france\/","name":"Contactez Filoas","isPartOf":{"@id":"https:\/\/filoas.com\/news\/#website"},"primaryImageOfPage":{"@id":"https:\/\/filoas.com\/news\/contact-agence-filoas-france\/#primaryimage"},"image":{"@id":"https:\/\/filoas.com\/news\/contact-agence-filoas-france\/#primaryimage"},"thumbnailUrl":"https:\/\/filoas.com\/news\/wp-content\/uploads\/2023\/01\/image.jpg","datePublished":"2023-01-01T15:45:17+00:00","dateModified":"2023-10-21T18:03:58+00:00","description":"Besoins en graphisme, web design, communication r\u00e9seaux sociaux et mise \u00e0 jour de vos supports (imprim\u00e9s et digitaux, contactez Filoas.fr","breadcrumb":{"@id":"https:\/\/filoas.com\/news\/contact-agence-filoas-france\/#breadcrumb"},"inLanguage":"fr-FR","potentialAction":[{"@type":"ReadAction","target":["https:\/\/filoas.com\/news\/contact-agence-filoas-france\/"]}]},{"@type":"ImageObject","inLanguage":"fr-FR","@id":"https:\/\/filoas.com\/news\/contact-agence-filoas-france\/#primaryimage","url":"https:\/\/filoas.com\/news\/wp-content\/uploads\/2023\/01\/image.jpg","contentUrl":"https:\/\/filoas.com\/news\/wp-content\/uploads\/2023\/01\/image.jpg","width":150,"height":71},{"@type":"BreadcrumbList","@id":"https:\/\/filoas.com\/news\/contact-agence-filoas-france\/#breadcrumb","itemListElement":[{"@type":"ListItem","position":1,"name":"Accueil","item":"https:\/\/filoas.com\/news\/"},{"@type":"ListItem","position":2,"name":"Contactez Filoas"}]},{"@type":"WebSite","@id":"https:\/\/filoas.com\/news\/#website","url":"https:\/\/filoas.com\/news\/","name":"Inspiration et news","description":"Dans l&#039;art du temps !","potentialAction":[{"@type":"SearchAction","target":{"@type":"EntryPoint","urlTemplate":"https:\/\/filoas.com\/news\/?s={search_term_string}"},"query-input":{"@type":"PropertyValueSpecification","valueRequired":true,"valueName":"search_term_string"}}],"inLanguage":"fr-FR"}]}},"_links":{"self":[{"href":"https:\/\/filoas.com\/news\/wp-json\/wp\/v2\/pages\/1203","targetHints":{"allow":["GET"]}}],"collection":[{"href":"https:\/\/filoas.com\/news\/wp-json\/wp\/v2\/pages"}],"about":[{"href":"https:\/\/filoas.com\/news\/wp-json\/wp\/v2\/types\/page"}],"author":[{"embeddable":true,"href":"https:\/\/filoas.com\/news\/wp-json\/wp\/v2\/users\/2"}],"replies":[{"embeddable":true,"href":"https:\/\/filoas.com\/news\/wp-json\/wp\/v2\/comments?post=1203"}],"version-history":[{"count":16,"href":"https:\/\/filoas.com\/news\/wp-json\/wp\/v2\/pages\/1203\/revisions"}],"predecessor-version":[{"id":1254,"href":"https:\/\/filoas.com\/news\/wp-json\/wp\/v2\/pages\/1203\/revisions\/1254"}],"wp:attachment":[{"href":"https:\/\/filoas.com\/news\/wp-json\/wp\/v2\/media?parent=1203"}],"curies":[{"name":"wp","href":"https:\/\/api.w.org\/{rel}","templated":true}]}}